{"id":612,"date":"2021-12-12T23:27:00","date_gmt":"2021-12-12T22:27:00","guid":{"rendered":"https:\/\/bedogniegidio.it\/?page_id=612"},"modified":"2023-10-13T10:28:44","modified_gmt":"2023-10-13T09:28:44","slug":"cookie-policy","status":"publish","type":"page","link":"https:\/\/bedogniegidio.it\/en\/cookie-policy\/","title":{"rendered":"Cookie Policy"},"content":{"rendered":"<p>Questo siti web di utilizza cookie e tecnologie simili per garantire il corretto funzionamento delle procedure e migliorare l&#8217;esperienza di uso delle applicazioni online. Il presente documento fornisce informazioni dettagliate sull&#8217;uso dei cookie e di tecnologie similari, su come sono utilizzati da in questo sito e su come gestirli.<\/p>\n<h4><strong>Definizioni<\/strong><\/h4>\n<p>I cookie sono brevi frammenti di testo (lettere e\/o numeri) che permettono al server web di memorizzare sul client (il browser) informazioni da riutilizzare nel corso della medesima visita al sito (cookie di sessione) o in seguito, anche a distanza di giorni (cookie persistenti). I cookie vengono memorizzati, in base alle preferenze dell&#8217;utente, dal singolo browser sullo specifico dispositivo utilizzato (computer, tablet, smartphone).<\/p>\n<p>Tecnologie similari, come, ad esempio, web beacon, GIF trasparenti e tutte le forme di storage locale introdotte con HTML5, sono utilizzabili per raccogliere informazioni sul comportamento dell&#8217;utente e sull&#8217;utilizzo dei servizi.<\/p>\n<p>Nel seguito di questo documento faremo riferimento ai cookie e a tutte le tecnologie similari utilizzando semplicemente il termine \u201ccookie\u201d.<\/p>\n<h4><strong>Tipologie di cookie<\/strong><\/h4>\n<p>In base alle caratteristiche e all&#8217;utilizzo dei cookie possiamo distinguere diverse categorie:<\/p>\n<ul>\n<li><strong>Cookie strettamente necessari<\/strong>. Si tratta di cookie indispensabili per il corretto funzionamento dei siti e sono utilizzati per gestire il login e l&#8217;accesso alle funzioni riservate del sito. La durata dei cookie \u00e8 strettamente limitata alla sessione di lavoro (chiuso il browser vengono cancellati).<\/li>\n<li><strong>Cookie di analisi e prestazioni.<\/strong> Sono cookie utilizzati per raccogliere e analizzare il traffico e l&#8217;utilizzo del sito in modo anonimo. Questi cookie, pur senza identificare l&#8217;utente, consentono, per esempio, di rilevare se il medesimo utente torna a collegarsi in momenti diversi. Permettono inoltre di monitorare il sistema e migliorarne le prestazioni e l&#8217;usabilit\u00e0. La disattivazione di tali cookie pu\u00f2 essere eseguita senza alcuna perdita di funzionalit\u00e0.<\/li>\n<li><strong>Cookie di profilazione<\/strong>. Si tratta di cookie permanenti utilizzati per identificare (in modo anonimo e non) le preferenze dell&#8217;utente e migliorare la sua esperienza di navigazione.<strong><br \/>\nQuesto sito non utilizza cookie di questo tipo.<\/strong><\/li>\n<\/ul>\n<h4><strong>Cookie di terze parti<\/strong><\/h4>\n<p>Visitando un sito web si possono ricevere cookie sia dal sito visitato (\u201cproprietari\u201d), sia da siti gestiti da altre organizzazioni (\u201cterze parti\u201d). Un esempio notevole \u00e8 rappresentato dalla presenza dei \u201csocial plugin\u201d per Facebook, Twitter, Google+ e LinkedIn. Si tratta di parti della pagina visitata generate direttamente dai suddetti siti ed integrati nella pagina del sito ospitante. L&#8217;utilizzo pi\u00f9 comune dei social plugin \u00e8 finalizzato alla condivisione dei contenuti sui social network.<\/p>\n<p>La presenza di questi plugin comporta la trasmissione di cookie da e verso tutti i siti gestiti da terze parti. La gestione delle informazioni raccolte da \u201cterze parti\u201d \u00e8\u00a0 disciplinata dalle relative informative cui si prega di fare riferimento. Per garantire una maggiore trasparenza e comodit\u00e0, si riportano qui di seguito\u00a0 gli indirizzi web delle diverse informative e delle modalit\u00e0 per la gestione dei cookie.<\/p>\n<p>Facebook informativa:\u00a0<a href=\"https:\/\/www.facebook.com\/help\/cookies\/\" target=\"_blank\" rel=\"noopener\">https:\/\/www.facebook.com\/help\/cookies\/<\/a><\/p>\n<p>Facebook (configurazione): accedere al proprio account. Sezione privacy.<\/p>\n<p>Twitter informative:\u00a0<a href=\"https:\/\/support.twitter.com\/articles\/20170514\" target=\"_blank\" rel=\"noopener\">https:\/\/support.twitter.com\/articles\/20170514<\/a><\/p>\n<p>Twitter (configurazione):\u00a0<a href=\"https:\/\/twitter.com\/settings\/security\" target=\"_blank\" rel=\"noopener\">https:\/\/twitter.com\/settings\/security<\/a><\/p>\n<p>Linkedin informativa:\u00a0<a href=\"https:\/\/www.linkedin.com\/legal\/cookie-policy\" target=\"_blank\" rel=\"noopener\">https:\/\/www.linkedin.com\/legal\/cookie-policy<\/a><\/p>\n<p>Linkedin (configurazione):\u00a0<a href=\"https:\/\/www.linkedin.com\/settings\/\" target=\"_blank\" rel=\"noopener\">https:\/\/www.linkedin.com\/settings\/<\/a><\/p>\n<p>Google+ informativa:\u00a0<a href=\"http:\/\/www.google.it\/intl\/it\/policies\/technologies\/cookies\/\" target=\"_blank\" rel=\"noopener\">http:\/\/www.google.it\/intl\/it\/policies\/technologies\/cookies\/<\/a><\/p>\n<p>Google+ (configurazione):\u00a0<a href=\"http:\/\/www.google.it\/intl\/it\/policies\/technologies\/managing\/\" target=\"_blank\" rel=\"noopener\">http:\/\/www.google.it\/intl\/it\/policies\/technologies\/managing\/<\/a><\/p>\n<h4><strong>Google Analytics \/ Shinystats<\/strong><\/h4>\n<p>Questo sito web include anche talune componenti trasmesse da Google Analytics o Shinystats, servizi di analisi del traffico web fornito da provider esterni. Anche in questo caso si tratta di cookie di terze parti raccolti e gestiti in modo anonimo per monitorare e migliorare le prestazioni del sito ospite (performance cookie).<\/p>\n<p>Google Analytics e Shinystats utilizzano i &#8220;cookie&#8221;\u00a0 per raccogliere e analizzare in forma anonima le informazioni sui comportamenti di utilizzo dei siti web (compreso l&#8217;indirizzo IP dell&#8217;utente). Tali informazioni vengono raccolte dai rispettivi servizi, che le elaborano allo scopo di redigere report riguardanti le attivit\u00e0 sui sito web. Questo sito non utilizza (e non consente a terzi di utilizzare) lo strumento di analisi di Google per monitorare o per raccogliere informazioni personali di identificazione. Google non associa l&#8217;indirizzo IP a nessun altro dato posseduto da Google n\u00e9 cerca di collegare un indirizzo IP con l&#8217;identit\u00e0 di un utente. Google pu\u00f2 anche comunicare queste informazioni a terzi ove ci\u00f2 sia imposto dalla legge o laddove tali terzi trattino le suddette informazioni per conto di Google.<\/p>\n<p>Per ulteriori informazioni:<\/p>\n<p><a href=\"https:\/\/www.google.it\/policies\/privacy\/partners\/\" target=\"_blank\" rel=\"noopener\">https:\/\/www.google.it\/policies\/privacy\/partners\/<\/a><\/p>\n<p><a href=\"http:\/\/www.shinystat.com\/it\/privacy.html\" target=\"_blank\" rel=\"noopener\">http:\/\/www.shinystat.com\/it\/privacy.html<\/a><\/p>\n<p>L&#8217;utente pu\u00f2 disabilitare in modo selettivo l&#8217;azione di Google Analytics installando sul proprio browser la componente di opt-out fornito da Google. Per disabilitare l&#8217;azione di Google Analytics, si rinvia al link di seguito indicato:<\/p>\n<p><a href=\"https:\/\/tools.google.com\/dlpage\/gaoptout\" target=\"_blank\" rel=\"noopener\">https:\/\/tools.google.com\/dlpage\/gaoptout<\/a><\/p>","protected":false},"excerpt":{"rendered":"<p>Questo siti web di utilizza cookie e tecnologie simili per garantire il corretto funzionamento delle procedure e migliorare l&#8217;esperienza di uso delle applicazioni online. Il presente documento fornisce informazioni dettagliate sull&#8217;uso dei cookie e di tecnologie similari, su come sono utilizzati da in questo sito e su come gestirli. Definizioni I cookie sono brevi frammenti [&hellip;]<\/p>\n","protected":false},"author":1,"featured_media":0,"parent":0,"menu_order":0,"comment_status":"closed","ping_status":"closed","template":"","meta":{"footnotes":""},"class_list":["post-612","page","type-page","status-publish","hentry"],"yoast_head":"<!-- This site is optimized with the Yoast SEO plugin v27.2 - https:\/\/yoast.com\/product\/yoast-seo-wordpress\/ -->\n<title>Cookie Policy - Bedogni<\/title>\n<meta name=\"robots\" content=\"index, follow, max-snippet:-1, max-image-preview:large, max-video-preview:-1\" \/>\n<link rel=\"canonical\" href=\"https:\/\/bedogniegidio.it\/en\/cookie-policy\/\" \/>\n<meta property=\"og:locale\" content=\"en_US\" \/>\n<meta property=\"og:type\" content=\"article\" \/>\n<meta property=\"og:title\" content=\"Cookie Policy - Bedogni\" \/>\n<meta property=\"og:description\" content=\"Questo siti web di utilizza cookie e tecnologie simili per garantire il corretto funzionamento delle procedure e migliorare l&#8217;esperienza di uso delle applicazioni online. Il presente documento fornisce informazioni dettagliate sull&#8217;uso dei cookie e di tecnologie similari, su come sono utilizzati da in questo sito e su come gestirli. Definizioni I cookie sono brevi frammenti [&hellip;]\" \/>\n<meta property=\"og:url\" content=\"https:\/\/bedogniegidio.it\/en\/cookie-policy\/\" \/>\n<meta property=\"og:site_name\" content=\"Bedogni\" \/>\n<meta property=\"article:modified_time\" content=\"2023-10-13T09:28:44+00:00\" \/>\n<meta property=\"og:image\" content=\"https:\/\/bedogniegidio.it\/wp-content\/uploads\/2022\/01\/cropped-cropped-350x100-1.png\" \/>\n\t<meta property=\"og:image:width\" content=\"350\" \/>\n\t<meta property=\"og:image:height\" content=\"100\" \/>\n\t<meta property=\"og:image:type\" content=\"image\/png\" \/>\n<meta name=\"twitter:card\" content=\"summary_large_image\" \/>\n<meta name=\"twitter:label1\" content=\"Est. reading time\" \/>\n\t<meta name=\"twitter:data1\" content=\"4 minutes\" \/>\n<script type=\"application\/ld+json\" class=\"yoast-schema-graph\">{\"@context\":\"https:\/\/schema.org\",\"@graph\":[{\"@type\":\"WebPage\",\"@id\":\"https:\/\/bedogniegidio.it\/cookie-policy\/\",\"url\":\"https:\/\/bedogniegidio.it\/cookie-policy\/\",\"name\":\"Cookie Policy - Bedogni\",\"isPartOf\":{\"@id\":\"https:\/\/bedogniegidio.it\/#website\"},\"datePublished\":\"2021-12-12T22:27:00+00:00\",\"dateModified\":\"2023-10-13T09:28:44+00:00\",\"breadcrumb\":{\"@id\":\"https:\/\/bedogniegidio.it\/cookie-policy\/#breadcrumb\"},\"inLanguage\":\"en-US\",\"potentialAction\":[{\"@type\":\"ReadAction\",\"target\":[\"https:\/\/bedogniegidio.it\/cookie-policy\/\"]}]},{\"@type\":\"BreadcrumbList\",\"@id\":\"https:\/\/bedogniegidio.it\/cookie-policy\/#breadcrumb\",\"itemListElement\":[{\"@type\":\"ListItem\",\"position\":1,\"name\":\"Home\",\"item\":\"https:\/\/bedogniegidio.it\/\"},{\"@type\":\"ListItem\",\"position\":2,\"name\":\"Cookie Policy\"}]},{\"@type\":\"WebSite\",\"@id\":\"https:\/\/bedogniegidio.it\/#website\",\"url\":\"https:\/\/bedogniegidio.it\/\",\"name\":\"Bedogni\",\"description\":\"Bedogni Egidio\",\"publisher\":{\"@id\":\"https:\/\/bedogniegidio.it\/#organization\"},\"potentialAction\":[{\"@type\":\"SearchAction\",\"target\":{\"@type\":\"EntryPoint\",\"urlTemplate\":\"https:\/\/bedogniegidio.it\/?s={search_term_string}\"},\"query-input\":{\"@type\":\"PropertyValueSpecification\",\"valueRequired\":true,\"valueName\":\"search_term_string\"}}],\"inLanguage\":\"en-US\"},{\"@type\":\"Organization\",\"@id\":\"https:\/\/bedogniegidio.it\/#organization\",\"name\":\"Bedogni Egidio S.P.A.\",\"url\":\"https:\/\/bedogniegidio.it\/\",\"logo\":{\"@type\":\"ImageObject\",\"inLanguage\":\"en-US\",\"@id\":\"https:\/\/bedogniegidio.it\/#\/schema\/logo\/image\/\",\"url\":\"https:\/\/bedogniegidio.it\/wp-content\/uploads\/2022\/01\/cropped-cropped-350x100-1.png\",\"contentUrl\":\"https:\/\/bedogniegidio.it\/wp-content\/uploads\/2022\/01\/cropped-cropped-350x100-1.png\",\"width\":350,\"height\":100,\"caption\":\"Bedogni Egidio S.P.A.\"},\"image\":{\"@id\":\"https:\/\/bedogniegidio.it\/#\/schema\/logo\/image\/\"},\"sameAs\":[\"https:\/\/www.instagram.com\/bedogniegidio\/\"]}]}<\/script>\n<!-- \/ Yoast SEO plugin. -->","yoast_head_json":{"title":"Cookie Policy - Bedogni","robots":{"index":"index","follow":"follow","max-snippet":"max-snippet:-1","max-image-preview":"max-image-preview:large","max-video-preview":"max-video-preview:-1"},"canonical":"https:\/\/bedogniegidio.it\/en\/cookie-policy\/","og_locale":"en_US","og_type":"article","og_title":"Cookie Policy - Bedogni","og_description":"Questo siti web di utilizza cookie e tecnologie simili per garantire il corretto funzionamento delle procedure e migliorare l&#8217;esperienza di uso delle applicazioni online. Il presente documento fornisce informazioni dettagliate sull&#8217;uso dei cookie e di tecnologie similari, su come sono utilizzati da in questo sito e su come gestirli. Definizioni I cookie sono brevi frammenti [&hellip;]","og_url":"https:\/\/bedogniegidio.it\/en\/cookie-policy\/","og_site_name":"Bedogni","article_modified_time":"2023-10-13T09:28:44+00:00","og_image":[{"width":350,"height":100,"url":"https:\/\/bedogniegidio.it\/wp-content\/uploads\/2022\/01\/cropped-cropped-350x100-1.png","type":"image\/png"}],"twitter_card":"summary_large_image","twitter_misc":{"Est. reading time":"4 minutes"},"schema":{"@context":"https:\/\/schema.org","@graph":[{"@type":"WebPage","@id":"https:\/\/bedogniegidio.it\/cookie-policy\/","url":"https:\/\/bedogniegidio.it\/cookie-policy\/","name":"Cookie Policy - Bedogni","isPartOf":{"@id":"https:\/\/bedogniegidio.it\/#website"},"datePublished":"2021-12-12T22:27:00+00:00","dateModified":"2023-10-13T09:28:44+00:00","breadcrumb":{"@id":"https:\/\/bedogniegidio.it\/cookie-policy\/#breadcrumb"},"inLanguage":"en-US","potentialAction":[{"@type":"ReadAction","target":["https:\/\/bedogniegidio.it\/cookie-policy\/"]}]},{"@type":"BreadcrumbList","@id":"https:\/\/bedogniegidio.it\/cookie-policy\/#breadcrumb","itemListElement":[{"@type":"ListItem","position":1,"name":"Home","item":"https:\/\/bedogniegidio.it\/"},{"@type":"ListItem","position":2,"name":"Cookie Policy"}]},{"@type":"WebSite","@id":"https:\/\/bedogniegidio.it\/#website","url":"https:\/\/bedogniegidio.it\/","name":"Bedogni","description":"Bedogni Egidio","publisher":{"@id":"https:\/\/bedogniegidio.it\/#organization"},"potentialAction":[{"@type":"SearchAction","target":{"@type":"EntryPoint","urlTemplate":"https:\/\/bedogniegidio.it\/?s={search_term_string}"},"query-input":{"@type":"PropertyValueSpecification","valueRequired":true,"valueName":"search_term_string"}}],"inLanguage":"en-US"},{"@type":"Organization","@id":"https:\/\/bedogniegidio.it\/#organization","name":"Bedogni Egidio S.P.A.","url":"https:\/\/bedogniegidio.it\/","logo":{"@type":"ImageObject","inLanguage":"en-US","@id":"https:\/\/bedogniegidio.it\/#\/schema\/logo\/image\/","url":"https:\/\/bedogniegidio.it\/wp-content\/uploads\/2022\/01\/cropped-cropped-350x100-1.png","contentUrl":"https:\/\/bedogniegidio.it\/wp-content\/uploads\/2022\/01\/cropped-cropped-350x100-1.png","width":350,"height":100,"caption":"Bedogni Egidio S.P.A."},"image":{"@id":"https:\/\/bedogniegidio.it\/#\/schema\/logo\/image\/"},"sameAs":["https:\/\/www.instagram.com\/bedogniegidio\/"]}]}},"_links":{"self":[{"href":"https:\/\/bedogniegidio.it\/en\/wp-json\/wp\/v2\/pages\/612","targetHints":{"allow":["GET"]}}],"collection":[{"href":"https:\/\/bedogniegidio.it\/en\/wp-json\/wp\/v2\/pages"}],"about":[{"href":"https:\/\/bedogniegidio.it\/en\/wp-json\/wp\/v2\/types\/page"}],"author":[{"embeddable":true,"href":"https:\/\/bedogniegidio.it\/en\/wp-json\/wp\/v2\/users\/1"}],"replies":[{"embeddable":true,"href":"https:\/\/bedogniegidio.it\/en\/wp-json\/wp\/v2\/comments?post=612"}],"version-history":[{"count":3,"href":"https:\/\/bedogniegidio.it\/en\/wp-json\/wp\/v2\/pages\/612\/revisions"}],"predecessor-version":[{"id":88672,"href":"https:\/\/bedogniegidio.it\/en\/wp-json\/wp\/v2\/pages\/612\/revisions\/88672"}],"wp:attachment":[{"href":"https:\/\/bedogniegidio.it\/en\/wp-json\/wp\/v2\/media?parent=612"}],"curies":[{"name":"wp","href":"https:\/\/api.w.org\/{rel}","templated":true}]}}